{"id":4509,"date":"2025-11-03T08:59:10","date_gmt":"2025-11-03T08:59:10","guid":{"rendered":"https:\/\/vilaan.com\/?page_id=4509"},"modified":"2026-03-04T11:48:13","modified_gmt":"2026-03-04T11:48:13","slug":"kontaktai","status":"publish","type":"page","link":"https:\/\/vilaan.com\/en\/kontaktai\/","title":{"rendered":"Contacts"},"content":{"rendered":"\t\t<div data-elementor-type=\"wp-page\" data-elementor-id=\"4509\" class=\"elementor elementor-4509\" data-elementor-post-type=\"page\">\n\t\t\t\t<div class=\"elementor-element elementor-element-e4f1213 e-con-full e-flex e-con e-parent\" data-id=\"e4f1213\" data-element_type=\"container\" data-e-type=\"container\" data-settings=\"{&quot;background_background&quot;:&quot;classic&quot;}\">\n\t\t<div class=\"elementor-element elementor-element-c69efe0 e-con-full e-flex e-con e-child\" data-id=\"c69efe0\" data-element_type=\"container\" data-e-type=\"container\">\n\t\t\t\t<div class=\"elementor-element elementor-element-0ed4974 elementor-widget elementor-widget-heading\" data-id=\"0ed4974\" data-element_type=\"widget\" data-e-type=\"widget\" data-widget_type=\"heading.default\">\n\t\t\t\t\t<h2 class=\"elementor-heading-title elementor-size-default\">Kontaktai<\/h2>\t\t\t\t<\/div>\n\t\t\t\t<\/div>\n\t\t<div class=\"elementor-element elementor-element-4178520 e-flex e-con-boxed e-con e-child\" data-id=\"4178520\" data-element_type=\"container\" data-e-type=\"container\">\n\t\t\t\t\t<div class=\"e-con-inner\">\n\t\t<div class=\"elementor-element elementor-element-c0f5377 e-flex e-con-boxed e-con e-child\" data-id=\"c0f5377\" data-element_type=\"container\" data-e-type=\"container\">\n\t\t\t\t\t<div class=\"e-con-inner\">\n\t\t\t\t<div class=\"elementor-element elementor-element-07ad3e0 elementor-button-align-start elementor-mobile-button-align-center elementor-widget elementor-widget-form\" data-id=\"07ad3e0\" data-element_type=\"widget\" data-e-type=\"widget\" data-settings=\"{&quot;step_next_label&quot;:&quot;Kitas&quot;,&quot;step_previous_label&quot;:&quot;Atgal&quot;,&quot;button_width&quot;:&quot;100&quot;,&quot;step_type&quot;:&quot;number_text&quot;,&quot;step_icon_shape&quot;:&quot;circle&quot;}\" data-widget_type=\"form.default\">\n\t\t\t\t\t\t\t<form class=\"elementor-form\" method=\"post\" name=\"Kontakt\u0173 forma\" aria-label=\"Kontakt\u0173 forma\">\n\t\t\t<input type=\"hidden\" name=\"post_id\" value=\"4509\"\/>\n\t\t\t<input type=\"hidden\" name=\"form_id\" value=\"07ad3e0\"\/>\n\t\t\t<input type=\"hidden\" name=\"referer_title\" value=\"Kontaktai - VILAAN\" \/>\n\n\t\t\t\t\t\t\t<input type=\"hidden\" name=\"queried_id\" value=\"4509\"\/>\n\t\t\t\n\t\t\t<div class=\"elementor-form-fields-wrapper elementor-labels-above\">\n\t\t\t\t\t\t\t\t<div class=\"elementor-field-type-text elementor-field-group elementor-column elementor-field-group-name elementor-col-100 elementor-field-required elementor-mark-required\">\n\t\t\t\t\t\t\t\t\t\t\t\t<label for=\"form-field-name\" class=\"elementor-field-label\">\n\t\t\t\t\t\t\t\tVardas\t\t\t\t\t\t\t<\/label>\n\t\t\t\t\t\t\t\t\t\t\t\t\t\t<input size=\"1\" type=\"text\" name=\"form_fields[name]\" id=\"form-field-name\" class=\"elementor-field elementor-size-lg  elementor-field-textual\" required=\"required\">\n\t\t\t\t\t\t\t\t\t\t\t<\/div>\n\t\t\t\t\t\t\t\t<div class=\"elementor-field-type-text\">\n\t\t\t\t\t<input size=\"1\" type=\"text\" name=\"form_fields[field_8ed6955]\" id=\"form-field-field_8ed6955\" class=\"elementor-field elementor-size-lg \" style=\"display:none !important;\">\t\t\t\t<\/div>\n\t\t\t\t\t\t\t\t<div class=\"elementor-field-type-email elementor-field-group elementor-column elementor-field-group-email elementor-col-100 elementor-field-required elementor-mark-required\">\n\t\t\t\t\t\t\t\t\t\t\t\t<label for=\"form-field-email\" class=\"elementor-field-label\">\n\t\t\t\t\t\t\t\tEl. Pa\u0161tas\t\t\t\t\t\t\t<\/label>\n\t\t\t\t\t\t\t\t\t\t\t\t\t\t<input size=\"1\" type=\"email\" name=\"form_fields[email]\" id=\"form-field-email\" class=\"elementor-field elementor-size-lg  elementor-field-textual\" required=\"required\">\n\t\t\t\t\t\t\t\t\t\t\t<\/div>\n\t\t\t\t\t\t\t\t<div class=\"elementor-field-type-tel elementor-field-group elementor-column elementor-field-group-field_1c4eb83 elementor-col-100\">\n\t\t\t\t\t\t\t\t\t\t\t\t<label for=\"form-field-field_1c4eb83\" class=\"elementor-field-label\">\n\t\t\t\t\t\t\t\tTelefono numeris\t\t\t\t\t\t\t<\/label>\n\t\t\t\t\t\t\t\t<input size=\"1\" type=\"tel\" name=\"form_fields[field_1c4eb83]\" id=\"form-field-field_1c4eb83\" class=\"elementor-field elementor-size-lg  elementor-field-textual\" pattern=\"[0-9()#&amp;+*-=.]+\" title=\"Only numbers and phone characters (#, -, *, etc) are accepted.\">\n\n\t\t\t\t\t\t<\/div>\n\t\t\t\t\t\t\t\t<div class=\"elementor-field-type-text\">\n\t\t\t\t\t<input size=\"1\" type=\"text\" name=\"form_fields[field_c307a7d]\" id=\"form-field-field_c307a7d\" class=\"elementor-field elementor-size-lg \" style=\"display:none !important;\">\t\t\t\t<\/div>\n\t\t\t\t\t\t\t\t<div class=\"elementor-field-type-textarea elementor-field-group elementor-column elementor-field-group-message elementor-col-100 elementor-field-required elementor-mark-required\">\n\t\t\t\t\t\t\t\t\t\t\t\t<label for=\"form-field-message\" class=\"elementor-field-label\">\n\t\t\t\t\t\t\t\t\u017dinut\u0117\t\t\t\t\t\t\t<\/label>\n\t\t\t\t\t\t<textarea class=\"elementor-field-textual elementor-field  elementor-size-lg\" name=\"form_fields[message]\" id=\"form-field-message\" rows=\"4\" required=\"required\"><\/textarea>\t\t\t\t<\/div>\n\t\t\t\t\t\t\t\t<div class=\"elementor-field-group elementor-column elementor-field-type-submit elementor-col-100 e-form__buttons\">\n\t\t\t\t\t<button class=\"elementor-button elementor-size-xs\" type=\"submit\">\n\t\t\t\t\t\t<span class=\"elementor-button-content-wrapper\">\n\t\t\t\t\t\t\t\t\t\t\t\t\t\t\t\t\t\t\t\t\t\t<span class=\"elementor-button-text\">Si\u0173sti<\/span>\n\t\t\t\t\t\t\t\t\t\t\t\t\t<\/span>\n\t\t\t\t\t<\/button>\n\t\t\t\t<\/div>\n\t\t\t<\/div>\n\t\t<\/form>\n\t\t\t\t\t\t<\/div>\n\t\t\t\t\t<\/div>\n\t\t\t\t<\/div>\n\t\t<div class=\"elementor-element elementor-element-3d7103d e-flex e-con-boxed e-con e-child\" data-id=\"3d7103d\" data-element_type=\"container\" data-e-type=\"container\">\n\t\t\t\t\t<div class=\"e-con-inner\">\n\t\t\t\t<div class=\"elementor-element elementor-element-cd9492d elementor-widget elementor-widget-text-editor\" data-id=\"cd9492d\" data-element_type=\"widget\" data-e-type=\"widget\" data-widget_type=\"text-editor.default\">\n\t\t\t\t\t\t\t\t\t<p>Para\u0161yk mums naudojant kontakt\u0173 form\u0105 arba atsi\u0173sk \u017einut\u0119 tiesiogiai \u012f el. pa\u0161t\u0105. Su Jumis susisieksime per 1 darbo dien\u0105.<\/p>\t\t\t\t\t\t\t\t<\/div>\n\t\t\t\t<div class=\"elementor-element elementor-element-99fb4f5 elementor-widget elementor-widget-ucaddon_underline_link_hover_effect\" data-id=\"99fb4f5\" data-element_type=\"widget\" data-e-type=\"widget\" data-widget_type=\"ucaddon_underline_link_hover_effect.default\">\n\t\t\t\t<div class=\"elementor-widget-container\">\n\t\t\t\t\t\n<!-- start Underline Link Hover Effect -->\n\t\t<link id='font-awesome-css' href='https:\/\/vilaan.com\/wp-content\/plugins\/unlimited-elements-for-elementor-premium\/assets_libraries\/font-awesome6\/fontawesome-all.min.css' type='text\/css' rel='stylesheet' >\n\t\t<link id='font-awesome-4-shim-css' href='https:\/\/vilaan.com\/wp-content\/plugins\/unlimited-elements-for-elementor-premium\/assets_libraries\/font-awesome6\/fontawesome-v4-shims.min.css' type='text\/css' rel='stylesheet' >\n\n<style>\/* widget: Underline Link Hover Effect *\/\n\n#uc_underline_link_hover_effect_elementor_99fb4f5{\n  display:flex;\n} \n\n#uc_underline_link_hover_effect_elementor_99fb4f5 a.ue-link{\n  display:flex;\n  position:relative;\n  align-items:center;\n  justify-content:center;\n  text-decoration:none;\n}\n\n#uc_underline_link_hover_effect_elementor_99fb4f5 a.ue-link:after{\n  content: \"\";\n    width:100%;\n    position:absolute;\n  bottom:0px;\n    left:0px;\n    display: block;\n  transition:1000ms;\n}\n\n#uc_underline_link_hover_effect_elementor_99fb4f5 a:hover:after{\n    width:0%;\n  }\n\n#uc_underline_link_hover_effect_elementor_99fb4f5 .ue-link-hover-effect-spacing{\n  transition:1000ms;\n}\n\n#uc_underline_link_hover_effect_elementor_99fb4f5 .ue-link-hover-effect-text{\n  padding:10px 0px;\n  transition:1000ms;\n}\n\n#uc_underline_link_hover_effect_elementor_99fb4f5 .ue-link-hover-effect-icon{\n  line-height:1em;\n  transition:1000ms;\n}\n\n#uc_underline_link_hover_effect_elementor_99fb4f5 .ue-link-hover-effect-icon svg{\n  height:1em;\n  width:1em;\n}\n\n<\/style>\n\n<div id=\"uc_underline_link_hover_effect_elementor_99fb4f5\" class=\"ue-link-wrap\">\n  <a class=\"ue-link\" href=\"mailto:info@vilaan.coom\" >\n    <div class=\"ue-link-hover-effect-text\">info@vilaan.com<\/div>\n    <div class=\"ue-link-hover-effect-spacing\"><\/div>\n    <div class=\"ue-link-hover-effect-icon\"><i class='fas fa-arrow-up'><\/i><\/div>\n  <\/a>\n<\/div>\n<!-- end Underline Link Hover Effect -->\t\t\t\t<\/div>\n\t\t\t\t<\/div>\n\t\t\t\t\t<\/div>\n\t\t\t\t<\/div>\n\t\t\t\t<div class=\"elementor-element elementor-element-0bd807c elementor-hidden-desktop elementor-hidden-tablet elementor-hidden-mobile elementor-widget elementor-widget-html\" data-id=\"0bd807c\" data-element_type=\"widget\" data-e-type=\"widget\" data-widget_type=\"html.default\">\n\t\t\t\t\t<script src=\"https:\/\/cdn.jsdelivr.net\/gh\/studio-freight\/lenis@0.2.28\/bundled\/lenis.js\"><\/script>\r\n\r\n<script>\r\n\/\/ 1. Toggle this to true to see logs, false to hide them\r\nconst DEBUG = false; \r\n\r\nconst lenis = new Lenis({\r\n  duration: 1.2,\r\n  easing: (t) => Math.min(1, 1.001 - Math.pow(2, -10 * t)),\r\n  direction: 'vertical',\r\n  gestureDirection: 'vertical',\r\n  smooth: true,\r\n  mouseMultiplier: 1,\r\n  smoothTouch: false,\r\n  touchMultiplier: 2,\r\n  infinite: false,\r\n})\r\n\r\n\/\/ 2. The scroll listener now checks the DEBUG flag\r\nlenis.on('scroll', ({ scroll, limit, velocity, direction, progress }) => {\r\n  if (DEBUG) {\r\n    console.log({ scroll, limit, velocity, direction, progress })\r\n  }\r\n})\r\n\r\nfunction raf(time) {\r\n  lenis.raf(time)\r\n  requestAnimationFrame(raf)\r\n}\r\n\r\nrequestAnimationFrame(raf)\r\n<\/script>\t\t\t\t<\/div>\n\t\t\t\t\t<\/div>\n\t\t\t\t<\/div>\n\t\t\t\t<\/div>\n\t\t<div class=\"elementor-element elementor-element-42aae4c e-con-full elementor-hidden-tablet elementor-hidden-mobile e-flex e-con e-child\" data-id=\"42aae4c\" data-element_type=\"container\" data-e-type=\"container\" data-settings=\"{&quot;position&quot;:&quot;fixed&quot;}\">\n\t\t\t\t<div class=\"elementor-element elementor-element-735372d elementor-widget elementor-widget-pointer_coordinates\" data-id=\"735372d\" data-element_type=\"widget\" data-e-type=\"widget\" data-widget_type=\"pointer_coordinates.default\">\n\t\t\t\t<div class=\"elementor-widget-container\">\n\t\t\t\t\t<div class=\"vilaan-pc-outer-wrap\"  data-debug=\"\" data-auto-lx-light=\"#424849\" data-auto-vx-light=\"#F84826\" data-auto-lx-dark=\"#ACACAC\" data-auto-vx-dark=\"#F84826\" data-auto-ly-light=\"#424849\" data-auto-vy-light=\"#F84826\" data-auto-ly-dark=\"#ACACAC\" data-auto-vy-dark=\"#F84826\"><div class=\"vilaan-pc-block vilaan-pc-x mode-auto layout-inline\"><div class=\"vilaan-pc-x-inner\"><div class=\"row\"><span class=\"label-pre\">ekranas:<\/span><span class=\"v-sx\">0<\/span><span class=\"label-suf\"><\/span><\/div><div class=\"row\"><span class=\"label-pre\">puslapis:<\/span><span class=\"v-px\">0<\/span><span class=\"label-suf\"><\/span><\/div><div class=\"row\"><span class=\"label-pre\">klientas:<\/span><span class=\"v-cx\">0<\/span><span class=\"label-suf\"><\/span><\/div><\/div><\/div><div class=\"vilaan-pc-block vilaan-pc-y mode-auto layout-inline\"><div class=\"vilaan-pc-y-inner\"><div class=\"row\"><span class=\"label-pre\">ekranas:<\/span><span class=\"v-sy\">0<\/span><span class=\"label-suf\"><\/span><\/div><div class=\"row\"><span class=\"label-pre\">puslapis:<\/span><span class=\"v-py\">0<\/span><span class=\"label-suf\"><\/span><\/div><div class=\"row\"><span class=\"label-pre\">klientas:<\/span><span class=\"v-cy\">0<\/span><span class=\"label-suf\"><\/span><\/div><\/div><\/div><\/div>\t\t\t\t<\/div>\n\t\t\t\t<\/div>\n\t\t\t\t<\/div>\n\t\t\t\t<\/div>\n\t\t","protected":false},"excerpt":{"rendered":"<p>Kontaktai Para\u0161yk mums naudojant kontakt\u0173 form\u0105 arba atsi\u0173sk \u017einut\u0119 tiesiogiai \u012f el. pa\u0161t\u0105. Su Jumis susisieksime per 1 darbo dien\u0105. info@vilaan.com ekranas:0puslapis:0klientas:0ekranas:0puslapis:0klientas:0<\/p>","protected":false},"author":1,"featured_media":0,"parent":0,"menu_order":0,"comment_status":"closed","ping_status":"closed","template":"elementor_header_footer","meta":{"footnotes":""},"class_list":["post-4509","page","type-page","status-publish","hentry"],"_links":{"self":[{"href":"https:\/\/vilaan.com\/en\/wp-json\/wp\/v2\/pages\/4509","targetHints":{"allow":["GET"]}}],"collection":[{"href":"https:\/\/vilaan.com\/en\/wp-json\/wp\/v2\/pages"}],"about":[{"href":"https:\/\/vilaan.com\/en\/wp-json\/wp\/v2\/types\/page"}],"author":[{"embeddable":true,"href":"https:\/\/vilaan.com\/en\/wp-json\/wp\/v2\/users\/1"}],"replies":[{"embeddable":true,"href":"https:\/\/vilaan.com\/en\/wp-json\/wp\/v2\/comments?post=4509"}],"version-history":[{"count":0,"href":"https:\/\/vilaan.com\/en\/wp-json\/wp\/v2\/pages\/4509\/revisions"}],"wp:attachment":[{"href":"https:\/\/vilaan.com\/en\/wp-json\/wp\/v2\/media?parent=4509"}],"curies":[{"name":"wp","href":"https:\/\/api.w.org\/{rel}","templated":true}]}}